{"id":179,"date":"2024-04-02T19:05:17","date_gmt":"2024-04-02T19:05:17","guid":{"rendered":"https:\/\/chaire-energie.bordeaux-inp.fr\/?page_id=179"},"modified":"2024-04-02T19:20:19","modified_gmt":"2024-04-02T19:20:19","slug":"credits","status":"publish","type":"page","link":"https:\/\/chaire-energie.bordeaux-inp.fr\/index.php\/credits\/","title":{"rendered":"Cr\u00e9dits"},"content":{"rendered":"\n<p>Certaines ic\u00f4nes sur le site sont prot\u00e9g\u00e9es par les droits suivants :<\/p>\n\n\n\n<ul>\n<li><a href=\"https:\/\/www.flaticon.com\/fr\/icones-gratuites\/la-technologie\">La technologie ic\u00f4ne cr\u00e9\u00e9e par Eucalyp &#8211; Flaticon<\/a><\/li>\n\n\n\n<li><a href=\"https:\/\/www.flaticon.com\/fr\/icones-gratuites\/chaleur\">Chaleur ic\u00f4ne cr\u00e9\u00e9e par Flat Icons &#8211; Flaticon<\/a><\/li>\n\n\n\n<li><a href=\"https:\/\/www.flaticon.com\/fr\/icones-gratuites\/eolienne\">\u00c9olienne ic\u00f4ne cr\u00e9\u00e9e par Graphiqa &#8211; Flaticon<\/a><\/li>\n\n\n\n<li><a href=\"https:\/\/www.flaticon.com\/fr\/icones-gratuites\/la-physique\">La physique ic\u00f4ne cr\u00e9\u00e9e par Nhor Phai &#8211; Flaticon<\/a><\/li>\n\n\n\n<li><a href=\"https:\/\/www.flaticon.com\/fr\/icones-gratuites\/panneau-solaire\">Panneau solaire ic\u00f4ne cr\u00e9\u00e9e par Flat Icons &#8211; Flaticon<\/a><\/li>\n\n\n\n<li><a href=\"https:\/\/www.flaticon.com\/fr\/icones-gratuites\/hydrogene\">Hydrog\u00e8ne ic\u00f4ne cr\u00e9\u00e9e par Backwoods &#8211; Flaticon<\/a><\/li>\n<\/ul>\n","protected":false},"excerpt":{"rendered":"<p>Certaines ic\u00f4nes sur le site sont prot\u00e9g\u00e9es par les droits suivants :<\/p>\n","protected":false},"author":1,"featured_media":0,"parent":0,"menu_order":0,"comment_status":"closed","ping_status":"closed","template":"","meta":{"inline_featured_image":false,"footnotes":""},"_links":{"self":[{"href":"https:\/\/chaire-energie.bordeaux-inp.fr\/index.php\/wp-json\/wp\/v2\/pages\/179"}],"collection":[{"href":"https:\/\/chaire-energie.bordeaux-inp.fr\/index.php\/wp-json\/wp\/v2\/pages"}],"about":[{"href":"https:\/\/chaire-energie.bordeaux-inp.fr\/index.php\/wp-json\/wp\/v2\/types\/page"}],"author":[{"embeddable":true,"href":"https:\/\/chaire-energie.bordeaux-inp.fr\/index.php\/wp-json\/wp\/v2\/users\/1"}],"replies":[{"embeddable":true,"href":"https:\/\/chaire-energie.bordeaux-inp.fr\/index.php\/wp-json\/wp\/v2\/comments?post=179"}],"version-history":[{"count":2,"href":"https:\/\/chaire-energie.bordeaux-inp.fr\/index.php\/wp-json\/wp\/v2\/pages\/179\/revisions"}],"predecessor-version":[{"id":184,"href":"https:\/\/chaire-energie.bordeaux-inp.fr\/index.php\/wp-json\/wp\/v2\/pages\/179\/revisions\/184"}],"wp:attachment":[{"href":"https:\/\/chaire-energie.bordeaux-inp.fr\/index.php\/wp-json\/wp\/v2\/media?parent=179"}],"curies":[{"name":"wp","href":"https:\/\/api.w.org\/{rel}","templated":true}]}}