{"id":36,"date":"2024-02-07T15:41:28","date_gmt":"2024-02-07T15:41:28","guid":{"rendered":"https:\/\/chaire-energie.bordeaux-inp.fr\/?page_id=36"},"modified":"2025-10-22T07:26:26","modified_gmt":"2025-10-22T07:26:26","slug":"mecenat","status":"publish","type":"page","link":"https:\/\/chaire-energie.bordeaux-inp.fr\/index.php\/mecenat\/","title":{"rendered":"M\u00e9c\u00e9nat"},"content":{"rendered":"\n<div class=\"wp-block-group is-vertical is-layout-flex wp-container-core-group-layout-1 wp-block-group-is-layout-flex\">\n<p>La chaire est financ\u00e9e par le m\u00e9c\u00e9nat. Il est ouvert aux entreprises et aux particuliers. Toutes les informations relatives aux dons sont disponibles aupr\u00e8s de la <a href=\"https:\/\/www.fondation.univ-bordeaux.fr\/don\">Fondation Bordeaux Universit\u00e9<\/a>. Pour toute discussion scientifique et industrielle sur le projet, merci de vous adresser au <a href=\"mailto:chaire-energie@bordeaux-inp.fr\">porteur de projet<\/a>.<\/p>\n\n\n\n<p>Les entreprises m\u00e9c\u00e8nes participent au comit\u00e9 de pilotage de la chaire.<\/p>\n<\/div>\n\n\n\n<hr class=\"wp-block-separator has-alpha-channel-opacity is-style-wide\"\/>\n\n\n\n<div class=\"wp-block-group is-vertical is-layout-flex wp-container-core-group-layout-5 wp-block-group-is-layout-flex\">\n<div class=\"wp-block-group has-global-padding is-layout-constrained wp-block-group-is-layout-constrained\">\n<h2 class=\"wp-block-heading has-text-align-center\">M\u00e9c\u00e8nes soutenant la chaire<\/h2>\n\n\n\n<p>La chaire tient \u00e0 remercier chaleureusement les m\u00e9c\u00e8nes pour leur engagement dans nos objectifs et nos actions.<\/p>\n<\/div>\n\n\n\n<div class=\"wp-block-group is-vertical is-content-justification-center is-nowrap is-layout-flex wp-container-core-group-layout-3 wp-block-group-is-layout-flex\">\n<div class=\"wp-block-columns is-layout-flex wp-container-core-columns-layout-1 wp-block-columns-is-layout-flex\" style=\"border-style:none;border-width:0px\">\n<div class=\"wp-block-column has-global-padding is-content-justification-center is-layout-constrained wp-block-column-is-layout-constrained\" style=\"padding-top:0;padding-right:0;padding-bottom:0;padding-left:0;flex-basis:100%\">\n<figure class=\"wp-block-image size-full is-resized has-custom-border is-style-rounded wp-container-content-1\"><img loading=\"lazy\" decoding=\"async\" width=\"4603\" height=\"2117\" src=\"https:\/\/chaire-energie.bordeaux-inp.fr\/wp-content\/uploads\/2024\/04\/OP_mobility_blue_logo.png\" alt=\"\" class=\"wp-image-190\" style=\"border-radius:5px;width:150px\" srcset=\"https:\/\/chaire-energie.bordeaux-inp.fr\/wp-content\/uploads\/2024\/04\/OP_mobility_blue_logo.png 4603w, https:\/\/chaire-energie.bordeaux-inp.fr\/wp-content\/uploads\/2024\/04\/OP_mobility_blue_logo-300x138.png 300w, https:\/\/chaire-energie.bordeaux-inp.fr\/wp-content\/uploads\/2024\/04\/OP_mobility_blue_logo-1024x471.png 1024w, https:\/\/chaire-energie.bordeaux-inp.fr\/wp-content\/uploads\/2024\/04\/OP_mobility_blue_logo-768x353.png 768w, https:\/\/chaire-energie.bordeaux-inp.fr\/wp-content\/uploads\/2024\/04\/OP_mobility_blue_logo-1536x706.png 1536w, https:\/\/chaire-energie.bordeaux-inp.fr\/wp-content\/uploads\/2024\/04\/OP_mobility_blue_logo-2048x942.png 2048w\" sizes=\"(max-width: 4603px) 100vw, 4603px\" \/><\/figure>\n<\/div>\n\n\n\n<div class=\"wp-block-column has-global-padding is-layout-constrained wp-block-column-is-layout-constrained\" style=\"flex-basis:100%\">\n<figure class=\"wp-block-image size-full is-resized has-custom-border is-style-rounded wp-container-content-2\"><img loading=\"lazy\" decoding=\"async\" width=\"230\" height=\"55\" src=\"https:\/\/chaire-energie.bordeaux-inp.fr\/wp-content\/uploads\/2025\/10\/LOGO_HzWhite.svg\" alt=\"\" class=\"wp-image-293\" style=\"border-radius:5px;width:150px\"\/><\/figure>\n<\/div>\n<\/div>\n<\/div>\n\n\n\n<div class=\"wp-block-group has-global-padding is-layout-constrained wp-block-group-is-layout-constrained\">\n<details class=\"wp-block-details is-layout-flow wp-block-details-is-layout-flow\"><summary>OPmobility<\/summary>\n<p class=\"wp-container-content-3\" style=\"font-size:clamp(0.875rem, 0.875rem + ((1vw - 0.2rem) * 0.208), 1rem);\">Leader mondial de l\u2019industrie automobile, OPmobility est l\u2019un des leaders mondiaux des solutions innovantes pour une exp\u00e9rience de mobilit\u00e9 unique, plus s\u00fbre et plus durable. Port\u00e9 par l\u2019innovation depuis sa cr\u00e9ation, le Groupe con\u00e7oit et produit des syst\u00e8mes ext\u00e9rieurs intelligents, des modules complexes sur mesure, des syst\u00e8mes d\u2019\u00e9clairage, des syst\u00e8mes de stockage d\u2019\u00e9nergie et des solutions d\u2019\u00e9lectrification pour tous les acteurs de la mobilit\u00e9.<\/p>\n<\/details>\n\n\n\n<details class=\"wp-block-details is-layout-flow wp-block-details-is-layout-flow\"><summary>VALOREM<\/summary>\n<p class=\"wp-container-content-4\" style=\"font-size:clamp(0.875rem, 0.875rem + ((1vw - 0.2rem) * 0.208), 1rem);\">Le Groupe VALOREM est un op\u00e9rateur ind\u00e9pendant en \u00e9nergie verte verticalement int\u00e9gr\u00e9 qui ma\u00eetrise de multiples comp\u00e9tences dans les \u00e9nergies renouvelables. Pionner de l\u2019\u00e9olien terrestre en France, le Groupe VALOREM d\u00e9veloppe et produit \u00e9galement des parcs solaires photovolta\u00efques et des petites centrales hydro\u00e9lectriques. Le Groupe est pr\u00e9sent en France, en Finlande, en Gr\u00e8ce, en Pologne et en Su\u00e8de.<br>Pionnier de l\u2019<a href=\"https:\/\/www.valorem-energie.com\/sources-denergie\/eolien\/\">\u00e9olien terrestre<\/a> en France, le Groupe VALOREM est un op\u00e9rateur ind\u00e9pendant en \u00e9nergies vertes qui agit pour une transition \u00e9nerg\u00e9tique solidaire. Le Groupe VALOREM ma\u00eetrise toute la cha\u00eene de comp\u00e9tences pour le d\u00e9veloppement de projets et la production d\u2019\u00e9lectricit\u00e9 : <a href=\"https:\/\/www.valorem-energie.com\/sources-denergie\/solaire\/\">solaire photovolta\u00efque<\/a>, <a href=\"https:\/\/www.valorem-energie.com\/sources-denergie\/hydroelectricite\/\">hydro\u00e9lectricit\u00e9<\/a>, \u00e9olien terrestre et <a href=\"https:\/\/www.valorem-energie.com\/sources-denergie\/lenergie-offshore\/\">offshore<\/a>, stockage par batteries et <a href=\"https:\/\/www.valorem-energie.com\/hydrogene\/\">hydrog\u00e8ne vert<\/a>. VALOREM est pr\u00e9sent en France, Finlande, Gr\u00e8ce, Pologne, Su\u00e8de et Roumanie. Le Groupe dispose d\u2019un portefeuille de 7,3 GW de projets en d\u00e9veloppement. En 2024, le Groupe a produit 1,4 TWh \u00e0 partir de 949 MW install\u00e9s.<\/p>\n\n\n\n<p><\/p>\n<\/details>\n<\/div>\n<\/div>\n","protected":false},"excerpt":{"rendered":"<p>La chaire est financ\u00e9e par le m\u00e9c\u00e9nat. Il est ouvert aux entreprises et aux particuliers. Toutes les informations relatives aux dons sont disponibles aupr\u00e8s de la Fondation Bordeaux Universit\u00e9. Pour toute discussion scientifique et industrielle sur le projet, merci de vous adresser au porteur de projet. Les entreprises m\u00e9c\u00e8nes participent au comit\u00e9 de pilotage de [&hellip;]<\/p>\n","protected":false},"author":1,"featured_media":0,"parent":0,"menu_order":0,"comment_status":"closed","ping_status":"closed","template":"","meta":{"inline_featured_image":false,"footnotes":""},"_links":{"self":[{"href":"https:\/\/chaire-energie.bordeaux-inp.fr\/index.php\/wp-json\/wp\/v2\/pages\/36"}],"collection":[{"href":"https:\/\/chaire-energie.bordeaux-inp.fr\/index.php\/wp-json\/wp\/v2\/pages"}],"about":[{"href":"https:\/\/chaire-energie.bordeaux-inp.fr\/index.php\/wp-json\/wp\/v2\/types\/page"}],"author":[{"embeddable":true,"href":"https:\/\/chaire-energie.bordeaux-inp.fr\/index.php\/wp-json\/wp\/v2\/users\/1"}],"replies":[{"embeddable":true,"href":"https:\/\/chaire-energie.bordeaux-inp.fr\/index.php\/wp-json\/wp\/v2\/comments?post=36"}],"version-history":[{"count":10,"href":"https:\/\/chaire-energie.bordeaux-inp.fr\/index.php\/wp-json\/wp\/v2\/pages\/36\/revisions"}],"predecessor-version":[{"id":296,"href":"https:\/\/chaire-energie.bordeaux-inp.fr\/index.php\/wp-json\/wp\/v2\/pages\/36\/revisions\/296"}],"wp:attachment":[{"href":"https:\/\/chaire-energie.bordeaux-inp.fr\/index.php\/wp-json\/wp\/v2\/media?parent=36"}],"curies":[{"name":"wp","href":"https:\/\/api.w.org\/{rel}","templated":true}]}}