{"id":73,"date":"2024-02-08T11:26:01","date_gmt":"2024-02-08T11:26:01","guid":{"rendered":"https:\/\/chaire-energie.bordeaux-inp.fr\/?page_id=73"},"modified":"2024-02-23T09:34:52","modified_gmt":"2024-02-23T09:34:52","slug":"lequipe","status":"publish","type":"page","link":"https:\/\/chaire-energie.bordeaux-inp.fr\/index.php\/lequipe\/","title":{"rendered":"L&#8217;\u00e9quipe"},"content":{"rendered":"\n<div class=\"wp-block-group is-vertical is-layout-flex wp-container-core-group-layout-2 wp-block-group-is-layout-flex\">\n<h2 class=\"wp-block-heading\">Porteur du projet<\/h2>\n\n\n\n<div class=\"wp-block-group is-vertical is-layout-flex wp-container-core-group-layout-1 wp-block-group-is-layout-flex\" style=\"padding-left:var(--wp--preset--spacing--20)\">\n<p><strong>Mathieu Coquerelle<\/strong> (<a href=\"https:\/\/notus-cfd.org\/coquerelle\/\">page chercheur<\/a>)<\/p>\n<\/div>\n<\/div>\n\n\n\n<div class=\"wp-block-group is-vertical is-layout-flex wp-container-core-group-layout-4 wp-block-group-is-layout-flex\">\n<h2 class=\"wp-block-heading\">Comit\u00e9 p\u00e9dagogique<\/h2>\n\n\n\n<div class=\"wp-block-group is-vertical is-layout-flex wp-container-core-group-layout-3 wp-block-group-is-layout-flex\" style=\"padding-left:var(--wp--preset--spacing--20)\">\n<p><strong>Annabelle Collin<\/strong> (<a href=\"https:\/\/annabellecollin.perso.math.cnrs.fr\/\">page chercheuse<\/a>)<\/p>\n\n\n\n<p><strong>Christophe J\u00e9go<\/strong> (<a href=\"https:\/\/www.ims-bordeaux.fr\/researchers-and-publications\/jego-christophe\/\">page chercheur<\/a>)<\/p>\n<\/div>\n<\/div>\n","protected":false},"excerpt":{"rendered":"<p>Porteur du projet Mathieu Coquerelle (page chercheur) Comit\u00e9 p\u00e9dagogique Annabelle Collin (page chercheuse) Christophe J\u00e9go (page chercheur)<\/p>\n","protected":false},"author":1,"featured_media":0,"parent":0,"menu_order":0,"comment_status":"closed","ping_status":"closed","template":"","meta":{"inline_featured_image":false,"footnotes":""},"_links":{"self":[{"href":"https:\/\/chaire-energie.bordeaux-inp.fr\/index.php\/wp-json\/wp\/v2\/pages\/73"}],"collection":[{"href":"https:\/\/chaire-energie.bordeaux-inp.fr\/index.php\/wp-json\/wp\/v2\/pages"}],"about":[{"href":"https:\/\/chaire-energie.bordeaux-inp.fr\/index.php\/wp-json\/wp\/v2\/types\/page"}],"author":[{"embeddable":true,"href":"https:\/\/chaire-energie.bordeaux-inp.fr\/index.php\/wp-json\/wp\/v2\/users\/1"}],"replies":[{"embeddable":true,"href":"https:\/\/chaire-energie.bordeaux-inp.fr\/index.php\/wp-json\/wp\/v2\/comments?post=73"}],"version-history":[{"count":4,"href":"https:\/\/chaire-energie.bordeaux-inp.fr\/index.php\/wp-json\/wp\/v2\/pages\/73\/revisions"}],"predecessor-version":[{"id":158,"href":"https:\/\/chaire-energie.bordeaux-inp.fr\/index.php\/wp-json\/wp\/v2\/pages\/73\/revisions\/158"}],"wp:attachment":[{"href":"https:\/\/chaire-energie.bordeaux-inp.fr\/index.php\/wp-json\/wp\/v2\/media?parent=73"}],"curies":[{"name":"wp","href":"https:\/\/api.w.org\/{rel}","templated":true}]}}